{"id":3,"date":"2022-08-23T18:33:52","date_gmt":"2022-08-23T18:33:52","guid":{"rendered":"https:\/\/focuscollect.is\/?page_id=3"},"modified":"2024-03-04T21:24:19","modified_gmt":"2024-03-04T21:24:19","slug":"personuverndarstefna","status":"publish","type":"page","link":"https:\/\/focuslogmenn.is\/en\/personuverndarstefna\/","title":{"rendered":"Privacy policy"},"content":{"rendered":"<p>Pers\u00f3nuverndarstefna FOCUS L\u00f6gmanna vegna vi\u00f0skiptamanna stofunnar<\/p>\n\n\n\n<p><strong>FOCUS L\u00f6gmenn G.J\u00f3nsson &amp; Partners ehf.<br>Su\u00f0urlandsbraut 24, 2. h\u00e6\u00f0<br>108 Reykjav\u00edk<br>Phone 517-2500<br>focuslogmenn@focuslogmenn.is<\/strong><strong><\/strong><\/p>\n\n\n\n<p>\u00deann 15. j\u00fal\u00ed 2018 t\u00f3ku gildi l\u00f6g um pers\u00f3nuvernd og vinnslu pers\u00f3nuuppl\u00fdsinga nr. 90\/2018 (pers\u00f3nuverndarl\u00f6g). \u00cd samr\u00e6mi vi\u00f0 \u00e1kv\u00e6\u00f0i laganna hafa FOCUS L\u00f6gmenn sett s\u00e9r eftirfarandi stefnu um me\u00f0fer\u00f0 pers\u00f3nuuppl\u00fdsinga. Til pers\u00f3nuuppl\u00fdsinga teljast \u00fe\u00e6r uppl\u00fdsingar sem au\u00f0kenna tiltekinn einstakling e\u00f0a v\u00e6ri h\u00e6gt a\u00f0 nota \u00ed \u00feeim tilgangi. Starfsf\u00f3lk FOCUS skal hafa pers\u00f3nuverndarstefnuna a\u00f0 lei\u00f0arlj\u00f3si \u00ed hvert skipti sem unni\u00f0 er me\u00f0 pers\u00f3nuuppl\u00fdsingar.&nbsp;<\/p>\n\n\n\n<p>FOCUS L\u00f6gmenn G.J\u00f3nsson &amp; Partners ehf. (<strong>FOCUS<\/strong>) kappkosta a\u00f0 tryggja vernd pers\u00f3nuuppl\u00fdsinga og a\u00f0 vinnsla \u00feeirra s\u00e9 \u00ed samr\u00e6mi vi\u00f0 gildandi l\u00f6g og reglur. Pers\u00f3nuverndarstefnan tekur til s\u00f6fnunar og vinnslu pers\u00f3nuuppl\u00fdsinga \u00ed samskiptum FOCUS vi\u00f0 vi\u00f0skiptamenn s\u00edna og byggir sem fyrr greinir \u00e1 l\u00f6gum nr. 90\/2018 um pers\u00f3nuvernd og vinnslu pers\u00f3nuuppl\u00fdsinga. Tilgangurinn me\u00f0 pers\u00f3nuverndarstefnunni er a\u00f0 uppl\u00fdsa vi\u00f0skiptamenn FOCUS um hvernig og hvers vegna pers\u00f3nuuppl\u00fdsingum er safna\u00f0 og hvernig \u00fe\u00e6r eru me\u00f0h\u00f6ndla\u00f0ar.<\/p>\n\n\n\n<p><strong>Hva\u00f0a pers\u00f3nuuppl\u00fdsingum safnar FOCUS?<\/strong><strong><\/strong><\/p>\n\n\n\n<p>Pers\u00f3nuuppl\u00fdsingar eru s\u00e9rhverjar uppl\u00fdsingar um pers\u00f3nugreindan e\u00f0a pers\u00f3nugreinanlegan einstakling; einstaklingur telst pers\u00f3nugreinanlegur ef unnt er a\u00f0 pers\u00f3nugreina hann, beint e\u00f0a \u00f3beint, svo sem me\u00f0 tilv\u00edsun \u00ed au\u00f0kenni eins og nafn, kennit\u00f6lu, sta\u00f0setningarg\u00f6gn, netau\u00f0kenni e\u00f0a einn e\u00f0a fleiri \u00fe\u00e6tti sem einkenna hann \u00ed l\u00edkamlegu, l\u00edfe\u00f0lisfr\u00e6\u00f0ilegu, erf\u00f0afr\u00e6\u00f0ilegu, andlegu, efnalegu, menningarlegu e\u00f0a f\u00e9lagslegu tilliti.<\/p>\n\n\n\n<p>Vinnsla pers\u00f3nuuppl\u00fdsinga v\u00edsar til a\u00f0ger\u00f0ar e\u00f0a r\u00f6\u00f0 a\u00f0ger\u00f0a \u00fear sem pers\u00f3nuuppl\u00fdsingar eru unnar, hvort sem vinnslan er sj\u00e1lfvirk e\u00f0a ekki.<\/p>\n\n\n\n<p>FOCUS safnar \u00fdmsum tegundum pers\u00f3nuuppl\u00fdsinga um vi\u00f0skiptamenn s\u00edna og tengili\u00f0i \u00feeirra, s\u00e9 um l\u00f6ga\u00f0ila a\u00f0 r\u00e6\u00f0a. Vinnsla pers\u00f3nuuppl\u00fdsinga getur t.a.m. var\u00f0a\u00f0 n\u00f6fn, kennit\u00f6lur, s\u00edman\u00famer, heimilisf\u00f6ng, netf\u00f6ng, reikningsuppl\u00fdsingar, lj\u00f3smyndir o.fl.<\/p>\n\n\n\n<p><strong>Hva\u00f0an koma uppl\u00fdsingarnar? <\/strong><strong><\/strong><\/p>\n\n\n\n<p>Oftast er pers\u00f3nuuppl\u00fdsingunum safna\u00f0 beint fr\u00e1 vi\u00f0skiptam\u00f6nnum. D\u00e6mi um sl\u00edka uppl\u00fdsingas\u00f6fnun eru:<\/p>\n\n\n\n<ul class=\"wp-block-list\">\n<li>\u00feegar vi\u00f0skiptamenn l\u00e1ta FOCUS uppl\u00fdsingar \u00ed t\u00e9 \u00ed tengslum vi\u00f0 veitta \u00fej\u00f3nustu;<\/li>\n\n\n\n<li>\u00feegar vi\u00f0skiptamenn hafa samband vi\u00f0 FOCUS.<\/li>\n<\/ul>\n\n\n\n<p>\u00cd sumum tilvikum koma pers\u00f3nuuppl\u00fdsingarnar fr\u00e1 \u00feri\u00f0ju a\u00f0ilum, s.s. \u00fej\u00f3\u00f0skr\u00e1, fj\u00e1rhagsuppl\u00fdsingastofum, d\u00f3mst\u00f3lum og \u00f6\u00f0rum opinberum a\u00f0ilum.<\/p>\n\n\n\n<p><strong>\u00cd hva\u00f0a tilgangi vinnur FOCUS me\u00f0 pers\u00f3nuuppl\u00fdsingar?<\/strong><strong><\/strong><\/p>\n\n\n\n<p>FOCUS notar pers\u00f3nuuppl\u00fdsingar til a\u00f0 veita \u00fej\u00f3nustu til vi\u00f0skiptamanna, me\u00f0al annars:<\/p>\n\n\n\n<ul class=\"wp-block-list\">\n<li>til \u00feess a\u00f0 au\u00f0kenna og hafa samband vi\u00f0 vi\u00f0skiptamenn.<\/li>\n\n\n\n<li>til \u00feess a\u00f0 taka \u00e1 m\u00f3ti grei\u00f0slum og mi\u00f0la grei\u00f0slum til vi\u00f0skiptamanna.<\/li>\n\n\n\n<li>Vinnsla \u00feessi er nau\u00f0synlegur \u00fe\u00e1ttur \u00ed a\u00f0 efna samning um \u00fej\u00f3nustu milli FOCUS og vi\u00f0skiptamanna. Samkv\u00e6mt si\u00f0areglum l\u00f6gmanna, sem FOCUS fylgir \u00ed hv\u00edvetna, og samkv\u00e6mt landsl\u00f6gum ber FOCUS skylda til a\u00f0 au\u00f0kenna skj\u00f3lst\u00e6\u00f0inga s\u00edna;<\/li>\n\n\n\n<li>til \u00feess a\u00f0 fyrirbyggja hagsmuna\u00e1rekstra, en l\u00f6gm\u00f6nnum FOCUS ber lagaskylda til \u00feess a\u00f0 r\u00e6kja st\u00f6rf s\u00edn af al\u00fa\u00f0 \u00ed hv\u00edvetna og neyta allra l\u00f6gm\u00e6tra \u00farr\u00e6\u00f0a til a\u00f0 g\u00e6ta l\u00f6gvarinna hagsmuna skj\u00f3lst\u00e6\u00f0inga sinna;<\/li>\n\n\n\n<li>til \u00feess a\u00f0 inna af hendi \u00fej\u00f3nustu vi\u00f0 vi\u00f0skiptamenn, \u00fe.m.t. m\u00e1lflutning fyrir d\u00f3mst\u00f3lum.<\/li>\n\n\n\n<li>til a\u00f0 vi\u00f0halda skr\u00e1 yfir m\u00e1l vi\u00f0skiptamanna \u00fear sem fram koma uppl\u00fdsingar um vi\u00f0skiptamenn og tengili\u00f0i \u00feeirra, en vinnsla \u00feessi byggir \u00e1 l\u00f6gm\u00e6tum hagsmunum FOCUS til a\u00f0 halda skipulega utan um m\u00e1l f\u00e9lagsins.<\/li>\n\n\n\n<li>\u00deegar einstaklingar hafa samband vi\u00f0 FOCUS \u00ed gegnum vefs\u00ed\u00f0u f\u00e9lagsins e\u00f0a me\u00f0 t\u00f6lvup\u00f3sti er liti\u00f0 svo \u00e1 a\u00f0 \u00feeir sam\u00feykki \u00fear me\u00f0 skr\u00e1ningu og notkun FOCUS \u00e1 pers\u00f3nuuppl\u00fdsingunum sem fram koma \u00ed vi\u00f0komandi samskiptum.<\/li>\n<\/ul>\n\n\n\n<p><strong>Hvernig var\u00f0veitir FOCUS pers\u00f3nuuppl\u00fdsingar?<\/strong><strong><\/strong><\/p>\n\n\n\n<p>FOCUS var\u00f0veitir pers\u00f3nuuppl\u00fdsingar \u00e1 \u00f6ruggan h\u00e1tt og \u00ed samr\u00e6mi vi\u00f0 gildandi l\u00f6g og reglur. \u00deess er me\u00f0al annars g\u00e6tt me\u00f0 a\u00f0gangsst\u00fdringum a\u00f0 a\u00f0eins \u00feeir starfsmenn FOCUS sem \u00e1 \u00feurfa a\u00f0 halda hafi a\u00f0gang a\u00f0 m\u00e1lum vi\u00f0skiptamanna. FOCUS var\u00f0veitir pers\u00f3nuuppl\u00fdsingar um vi\u00f0skiptamenn aldrei utan EES-sv\u00e6\u00f0isins.<\/p>\n\n\n\n<p>FOCUS var\u00f0veitir pers\u00f3nuuppl\u00fdsingar um vi\u00f0skiptamenn eins og lengi og nau\u00f0synlegt er til a\u00f0 uppfylla tilganginn me\u00f0 s\u00f6fnun \u00feeirra. G\u00f6gn vi\u00f0skiptamanna eru flokku\u00f0 eftir m\u00e1lum sem FOCUS er fali\u00f0 a\u00f0 reka fyrir h\u00f6nd vi\u00f0skiptamanna sinna, hvort sem er fyrir d\u00f3mst\u00f3lum e\u00f0a utan \u00feeirra. FOCUS var\u00f0veitir g\u00f6gn sem m\u00e1lunum tengjast, \u00fe.m.t. pers\u00f3nuuppl\u00fdsingar, a\u00f0 jafna\u00f0i ekki lengur en t\u00edu \u00e1r fr\u00e1 \u00fev\u00ed a\u00f0 m\u00e1li er loka\u00f0, a\u00f0 undanskildum g\u00f6gnum sem FOCUS er skylt a\u00f0 var\u00f0veita lengur samkv\u00e6mt l\u00f6gum e\u00f0a ef m\u00e1lefnaleg \u00e1st\u00e6\u00f0a er fyrir \u00e1framhaldandi var\u00f0veislu \u00feeirra.<\/p>\n\n\n\n<p><strong>Vi\u00f0takendur pers\u00f3nuuppl\u00fdsinga<\/strong><strong><\/strong><\/p>\n\n\n\n<p>FOCUS mi\u00f0lar ekki pers\u00f3nuuppl\u00fdsingum um vi\u00f0skiptamenn til \u00feri\u00f0ju a\u00f0ila nema me\u00f0 \u00f3tv\u00edr\u00e6\u00f0u sam\u00feykki \u00feeirra e\u00f0a til \u00feess a\u00f0 uppfylla skyldur samkv\u00e6mt samningi e\u00f0a ef um er a\u00f0 r\u00e6\u00f0a lagaskyldu. \u00der\u00e1tt fyrir framangreint kann FOCUS a\u00f0 mi\u00f0la pers\u00f3nuuppl\u00fdsingum um vi\u00f0skiptamenn til \u00fej\u00f3nustua\u00f0ila sinna, t.d. \u00feeim sem reka hugb\u00fana\u00f0arkerfin sem notu\u00f0 eru hj\u00e1 FOCUS. \u00dej\u00f3nustua\u00f0ilar \u00feessir eru bundnir tr\u00fana\u00f0i.<\/p>\n\n\n\n<p>FOCUS mi\u00f0lar ekki pers\u00f3nuuppl\u00fdsingum til \u00feri\u00f0ju a\u00f0ila sem sta\u00f0settir eru utan EES-sv\u00e6\u00f0isins nema hafa til \u00feess heimild \u00e1 grundvelli gildandi pers\u00f3nuverndarlaga og -reglna.<\/p>\n\n\n\n<p>FOCUS kann a\u00f0 afhenda l\u00f6gg\u00e6sluyfirv\u00f6ldum og \u00f6\u00f0rum b\u00e6rum \u00feri\u00f0ju a\u00f0ilum pers\u00f3nuuppl\u00fdsingar um vi\u00f0skiptamenn ef FOCUS ber skylda til \u00feess vegna r\u00e9ttarkrafna e\u00f0a samkv\u00e6mt l\u00f6gum.<\/p>\n\n\n\n<p><strong>R\u00e9ttindi skr\u00e1\u00f0ra einstaklinga<\/strong><strong><\/strong><\/p>\n\n\n\n<p>Vi\u00f0skiptamenn eiga r\u00e9tt \u00e1 a\u00f0 f\u00e1 uppl\u00fdsingar um og a\u00f0gang a\u00f0 pers\u00f3nuuppl\u00fdsingum um \u00fe\u00e1 sj\u00e1lfa sem FOCUS hefur me\u00f0 h\u00f6ndum. \u00deeir eiga r\u00e9tt \u00e1 a\u00f0 afturkalla sam\u00feykki sitt fyrir vinnslu pers\u00f3nuuppl\u00fdsinga sem bygg\u00f0 er \u00e1 sam\u00feykki hven\u00e6r sem er. \u00deeir eiga einnig r\u00e9tt \u00e1 a\u00f0 \u00f3ska eftir a\u00f0 l\u00e1ta lei\u00f0r\u00e9tta, ey\u00f0a e\u00f0a takmarka vinnslu pers\u00f3nuuppl\u00fdsinga um sig e\u00f0a andm\u00e6la sl\u00edkri vinnslu. \u00cd \u00e1kve\u00f0num tilvikum geta \u00feeir einnig \u00e1tt r\u00e9tt \u00e1 a\u00f0 flutningi pers\u00f3nuuppl\u00fdsinga sem \u00feeir hafa l\u00e1ti\u00f0 FOCUS \u00ed t\u00e9 til annars \u00e1byrg\u00f0ara\u00f0ila. Framangreindum r\u00e9ttindum kunna \u00fe\u00f3 a\u00f0 vera sett takm\u00f6rk \u00ed gildandi l\u00f6gum og reglum.<\/p>\n\n\n\n<p>Vi\u00f0skiptamenn eiga r\u00e9tt \u00e1 uppl\u00fdsingum um uppruna pers\u00f3nuuppl\u00fdsinga sem ekki er afla\u00f0 fr\u00e1 \u00feeim sj\u00e1lfum.<\/p>\n\n\n\n<p>Vi\u00f0skiptamenn eiga r\u00e9tt \u00e1 a\u00f0 leggja fram kv\u00f6rtun hj\u00e1 Pers\u00f3nuvernd, ef \u00feeir telja a\u00f0 FOCUS hafi ekki virt r\u00e9ttindi \u00feeirra vi\u00f0 me\u00f0fer\u00f0 \u00e1 pers\u00f3nuuppl\u00fdsingum.<\/p>\n\n\n\n<p>Pers\u00f3nuverndarstefna \u00feessi var uppf\u00e6r\u00f0 1. september 2023.<\/p>\n\n\n\n<h2 class=\"wp-block-heading\"><\/h2>\n\n\n\n<p><\/p>","protected":false},"excerpt":{"rendered":"<p>Pers\u00f3nuverndarstefna FOCUS L\u00f6gmanna vegna vi\u00f0skiptamanna stofunnar FOCUS L\u00f6gmenn G.J\u00f3nsson &amp; Partners ehf.Su\u00f0urlandsbraut 24, 2. h\u00e6\u00f0108 Reykjav\u00edkS\u00edmi 517-2500focuslogmenn@focuslogmenn.is \u00deann 15. j\u00fal\u00ed 2018 t\u00f3ku gildi l\u00f6g um pers\u00f3nuvernd og vinnslu pers\u00f3nuuppl\u00fdsinga nr. 90\/2018 (pers\u00f3nuverndarl\u00f6g). \u00cd samr\u00e6mi vi\u00f0 \u00e1kv\u00e6\u00f0i laganna hafa FOCUS L\u00f6gmenn sett s\u00e9r eftirfarandi stefnu um me\u00f0fer\u00f0 pers\u00f3nuuppl\u00fdsinga. Til pers\u00f3nuuppl\u00fdsinga teljast \u00fe\u00e6r uppl\u00fdsingar sem au\u00f0kenna tiltekinn [&hellip;]<\/p>","protected":false},"author":3,"featured_media":0,"parent":0,"menu_order":0,"comment_status":"closed","ping_status":"open","template":"","meta":{"_uag_custom_page_level_css":"","site-sidebar-layout":"default","site-content-layout":"","ast-site-content-layout":"default","site-content-style":"default","site-sidebar-style":"default","ast-global-header-display":"","ast-banner-title-visibility":"","ast-main-header-display":"","ast-hfb-above-header-display":"","ast-hfb-below-header-display":"","ast-hfb-mobile-header-display":"","site-post-title":"","ast-breadcrumbs-content":"","ast-featured-img":"","footer-sml-layout":"","theme-transparent-header-meta":"","adv-header-id-meta":"","stick-header-meta":"","header-above-stick-meta":"","header-main-stick-meta":"","header-below-stick-meta":"","astra-migrate-meta-layouts":"set","ast-page-background-enabled":"default","ast-page-background-meta":{"desktop":{"background-color":"","background-image":"","background-repeat":"repeat","background-position":"center center","background-size":"auto","background-attachment":"scroll","background-type":"","background-media":"","overlay-type":"","overlay-color":"","overlay-gradient":""},"tablet":{"background-color":"","background-image":"","background-repeat":"repeat","background-position":"center center","background-size":"auto","background-attachment":"scroll","background-type":"","background-media":"","overlay-type":"","overlay-color":"","overlay-gradient":""},"mobile":{"background-color":"","background-image":"","background-repeat":"repeat","background-position":"center center","background-size":"auto","background-attachment":"scroll","background-type":"","background-media":"","overlay-type":"","overlay-color":"","overlay-gradient":""}},"ast-content-background-meta":{"desktop":{"background-color":"var(--ast-global-color-5)","background-image":"","background-repeat":"repeat","background-position":"center center","background-size":"auto","background-attachment":"scroll","background-type":"","background-media":"","overlay-type":"","overlay-color":"","overlay-gradient":""},"tablet":{"background-color":"var(--ast-global-color-5)","background-image":"","background-repeat":"repeat","background-position":"center center","background-size":"auto","background-attachment":"scroll","background-type":"","background-media":"","overlay-type":"","overlay-color":"","overlay-gradient":""},"mobile":{"background-color":"var(--ast-global-color-5)","background-image":"","background-repeat":"repeat","background-position":"center center","background-size":"auto","background-attachment":"scroll","background-type":"","background-media":"","overlay-type":"","overlay-color":"","overlay-gradient":""}},"footnotes":""},"class_list":["post-3","page","type-page","status-publish","hentry"],"uagb_featured_image_src":{"full":false,"thumbnail":false,"medium":false,"medium_large":false,"large":false,"1536x1536":false,"2048x2048":false,"trp-custom-language-flag":false,"gform-image-choice-sm":false,"gform-image-choice-md":false,"gform-image-choice-lg":false},"uagb_author_info":{"display_name":"a8","author_link":"https:\/\/focuslogmenn.is\/en\/author\/a8\/"},"uagb_comment_info":0,"uagb_excerpt":"Pers\u00f3nuverndarstefna FOCUS L\u00f6gmanna vegna vi\u00f0skiptamanna stofunnar FOCUS L\u00f6gmenn G.J\u00f3nsson &amp; Partners ehf.Su\u00f0urlandsbraut 24, 2. h\u00e6\u00f0108 Reykjav\u00edkS\u00edmi 517-2500focuslogmenn@focuslogmenn.is \u00deann 15. j\u00fal\u00ed 2018 t\u00f3ku gildi l\u00f6g um pers\u00f3nuvernd og vinnslu pers\u00f3nuuppl\u00fdsinga nr. 90\/2018 (pers\u00f3nuverndarl\u00f6g). \u00cd samr\u00e6mi vi\u00f0 \u00e1kv\u00e6\u00f0i laganna hafa FOCUS L\u00f6gmenn sett s\u00e9r eftirfarandi stefnu um me\u00f0fer\u00f0 pers\u00f3nuuppl\u00fdsinga. Til pers\u00f3nuuppl\u00fdsinga teljast \u00fe\u00e6r uppl\u00fdsingar sem au\u00f0kenna tiltekinn&hellip;","_links":{"self":[{"href":"https:\/\/focuslogmenn.is\/en\/wp-json\/wp\/v2\/pages\/3","targetHints":{"allow":["GET"]}}],"collection":[{"href":"https:\/\/focuslogmenn.is\/en\/wp-json\/wp\/v2\/pages"}],"about":[{"href":"https:\/\/focuslogmenn.is\/en\/wp-json\/wp\/v2\/types\/page"}],"author":[{"embeddable":true,"href":"https:\/\/focuslogmenn.is\/en\/wp-json\/wp\/v2\/users\/3"}],"replies":[{"embeddable":true,"href":"https:\/\/focuslogmenn.is\/en\/wp-json\/wp\/v2\/comments?post=3"}],"version-history":[{"count":3,"href":"https:\/\/focuslogmenn.is\/en\/wp-json\/wp\/v2\/pages\/3\/revisions"}],"predecessor-version":[{"id":25722,"href":"https:\/\/focuslogmenn.is\/en\/wp-json\/wp\/v2\/pages\/3\/revisions\/25722"}],"wp:attachment":[{"href":"https:\/\/focuslogmenn.is\/en\/wp-json\/wp\/v2\/media?parent=3"}],"curies":[{"name":"wp","href":"https:\/\/api.w.org\/{rel}","templated":true}]}}