{"id":25642,"date":"2024-02-20T11:47:31","date_gmt":"2024-02-20T11:47:31","guid":{"rendered":"https:\/\/focuscollect.is\/?page_id=25642"},"modified":"2024-02-20T17:44:23","modified_gmt":"2024-02-20T17:44:23","slug":"katrin-smari","status":"publish","type":"page","link":"https:\/\/focuslogmenn.is\/en\/katrin-smari\/","title":{"rendered":"Katr\u00edn Sm\u00e1ri"},"content":{"rendered":"<div class=\"wp-block-uagb-container uagb-block-78e8115a alignfull uagb-is-root-container\"><div class=\"uagb-container-inner-blocks-wrap\">\n<div class=\"wp-block-uagb-container uagb-block-4dd29d72\">\n<div class=\"wp-block-uagb-image uagb-block-1676e322 wp-block-uagb-image--layout-default wp-block-uagb-image--effect-static wp-block-uagb-image--align-none\"><figure class=\"wp-block-uagb-image__figure\"><img decoding=\"async\" srcset=\"https:\/\/focuslogmenn.is\/wp-content\/uploads\/2024\/02\/7A91B17D-D33E-43D7-8E4E-6B24803F8BC0_1_201_a-1-scaled.jpeg ,https:\/\/focuslogmenn.is\/wp-content\/uploads\/2024\/02\/7A91B17D-D33E-43D7-8E4E-6B24803F8BC0_1_201_a-1-scaled.jpeg 780w, https:\/\/focuslogmenn.is\/wp-content\/uploads\/2024\/02\/7A91B17D-D33E-43D7-8E4E-6B24803F8BC0_1_201_a-1-scaled.jpeg 360w\" sizes=\"auto, (max-width: 480px) 150px\" src=\"https:\/\/focuslogmenn.is\/wp-content\/uploads\/2024\/02\/7A91B17D-D33E-43D7-8E4E-6B24803F8BC0_1_201_a-1-scaled.jpeg\" alt=\"\" class=\"uag-image-25559\" width=\"425\" height=\"532\" title=\"\" loading=\"lazy\"\/><\/figure><\/div>\n<\/div>\n\n\n\n<div class=\"wp-block-uagb-container uagb-block-ac891e2c\">\n<h1 class=\"wp-block-heading has-large-font-size\">Katr\u00edn Sm\u00e1ri<\/h1>\n\n\n\n<p>Katrin has been working as a a lawyer and then litigator for 16 years, specializing in commercial law and debt recovery the last 11 years. Katrin has valuable connections around the world plus extensive experience of cross border debt collection procedures. <\/p>\n\n\n\n<p>Emphasis in negotiations\/settlements, recovery of credits, litigation and enforcement. Katrin is a member of board of the well European Collectors Associations (ECA) established in the 80\u00b4s.<\/p>\n\n\n\n<p><\/p>\n\n\n\n<p><\/p>\n\n\n\n<p><\/p>\n\n\n\n<p><strong>Menntun:<\/strong><\/p>\n\n\n\n<p>L\u00f6ggiltur fasteigna- og skipasali 2015<\/p>\n\n\n\n<p>Attorney at Law 2008<\/p>\n\n\n\n<p>University of Iceland, cand. jur. 2005.<\/p>\n\n\n\n<p>University of Leuven, Katholieke Universiteit Leuven 2003-4<\/p>\n\n\n\n<p>Menntask\u00f3linn \u00e1 Akureyri, 1999<\/p>\n\n\n\n<p><strong>Starfsreynsla:<\/strong><\/p>\n\n\n\n<p>Practising attorney at FOCUS L\u00f6gmenn G.J\u00f3nsson &amp; Partners since 2014<\/p>\n\n\n\n<p>Practising attorney at Lausnir Law Firm and G.Jonsson &amp; Partners 2009-2014<\/p>\n\n\n\n<p>The Icelandic Competition Authority, 2007-2009<\/p>\n\n\n\n<p>Sparisj\u00f3\u00f0abanki \u00cdslands hf.\/Icebank, senior legal adviser, 2005-2007<\/p>\n\n\n\n<p><strong>Nefndar \u2013 og stj\u00f3rnarst\u00f6rf:<\/strong><\/p>\n\n\n\n<ul class=\"wp-block-list\">\n<li>European Collectors Association, member of board 2023 -<\/li>\n\n\n\n<li>\u00cd stj\u00f3rn L\u00f6gfr\u00e6\u00f0ingaf\u00e9lags \u00cdslands 2014-2023<\/li>\n\n\n\n<li>\u00ed ritstj\u00f3rn L\u00f6gmannabla\u00f0sins 2017-2020<\/li>\n\n\n\n<li>Kennsla vi\u00f0 lagadeild H\u00e1sk\u00f3la \u00cdslands 2006-7<\/li>\n\n\n\n<li>\u00cd stj\u00f3rn Orators, f\u00e9lags laganema vi\u00f0 H\u00e1sk\u00f3la \u00cdslands 2002-2003<\/li>\n\n\n\n<li>\u00de\u00e1 hefur Katr\u00edn seti\u00f0 \u00ed stj\u00f3rnum fyrirt\u00e6kja <\/li>\n<\/ul>\n<\/div>\n<\/div><\/div>","protected":false},"excerpt":{"rendered":"<p>Katr\u00edn Sm\u00e1ri Katr\u00edn hefur starfa\u00f0 sem l\u00f6gma\u00f0ur fr\u00e1 \u00e1rinu 2009 og reki\u00f0 eigin l\u00f6gmannsstofu fr\u00e1 \u00e1rinu 2014. H\u00fan hefur um \u00e1rabil teki\u00f0 \u00fe\u00e1tt \u00ed evr\u00f3psku og al\u00fej\u00f3\u00f0legu samstarfi l\u00f6gmanna einkum \u00e1 svi\u00f0i vi\u00f0skiptar\u00e9ttar og innheimtu krafna yfir landam\u00e6ri. H\u00fan s\u00e6kir reglulega r\u00e1\u00f0stefnur og fundi faga\u00f0ila \u00e1 \u00feeim svi\u00f0um og gegnir varaformennsku \u00ed evr\u00f3psku innheimtusamt\u00f6kunum European [&hellip;]<\/p>","protected":false},"author":3,"featured_media":0,"parent":0,"menu_order":0,"comment_status":"closed","ping_status":"closed","template":"","meta":{"_uag_custom_page_level_css":"","site-sidebar-layout":"default","site-content-layout":"page-builder","ast-site-content-layout":"full-width-container","site-content-style":"unboxed","site-sidebar-style":"unboxed","ast-global-header-display":"","ast-banner-title-visibility":"","ast-main-header-display":"","ast-hfb-above-header-display":"","ast-hfb-below-header-display":"","ast-hfb-mobile-header-display":"","site-post-title":"disabled","ast-breadcrumbs-content":"","ast-featured-img":"","footer-sml-layout":"","theme-transparent-header-meta":"","adv-header-id-meta":"","stick-header-meta":"","header-above-stick-meta":"","header-main-stick-meta":"","header-below-stick-meta":"","astra-migrate-meta-layouts":"set","ast-page-background-enabled":"default","ast-page-background-meta":{"desktop":{"background-color":"","background-image":"","background-repeat":"repeat","background-position":"center center","background-size":"auto","background-attachment":"scroll","background-type":"","background-media":"","overlay-type":"","overlay-color":"","overlay-gradient":""},"tablet":{"background-color":"","background-image":"","background-repeat":"repeat","background-position":"center center","background-size":"auto","background-attachment":"scroll","background-type":"","background-media":"","overlay-type":"","overlay-color":"","overlay-gradient":""},"mobile":{"background-color":"","background-image":"","background-repeat":"repeat","background-position":"center center","background-size":"auto","background-attachment":"scroll","background-type":"","background-media":"","overlay-type":"","overlay-color":"","overlay-gradient":""}},"ast-content-background-meta":{"desktop":{"background-color":"var(--ast-global-color-5)","background-image":"","background-repeat":"repeat","background-position":"center center","background-size":"auto","background-attachment":"scroll","background-type":"","background-media":"","overlay-type":"","overlay-color":"","overlay-gradient":""},"tablet":{"background-color":"var(--ast-global-color-5)","background-image":"","background-repeat":"repeat","background-position":"center center","background-size":"auto","background-attachment":"scroll","background-type":"","background-media":"","overlay-type":"","overlay-color":"","overlay-gradient":""},"mobile":{"background-color":"var(--ast-global-color-5)","background-image":"","background-repeat":"repeat","background-position":"center center","background-size":"auto","background-attachment":"scroll","background-type":"","background-media":"","overlay-type":"","overlay-color":"","overlay-gradient":""}},"footnotes":""},"class_list":["post-25642","page","type-page","status-publish","hentry"],"uagb_featured_image_src":{"full":false,"thumbnail":false,"medium":false,"medium_large":false,"large":false,"1536x1536":false,"2048x2048":false,"trp-custom-language-flag":false,"gform-image-choice-sm":false,"gform-image-choice-md":false,"gform-image-choice-lg":false},"uagb_author_info":{"display_name":"a8","author_link":"https:\/\/focuslogmenn.is\/en\/author\/a8\/"},"uagb_comment_info":0,"uagb_excerpt":"Katr\u00edn Sm\u00e1ri Katr\u00edn hefur starfa\u00f0 sem l\u00f6gma\u00f0ur fr\u00e1 \u00e1rinu 2009 og reki\u00f0 eigin l\u00f6gmannsstofu fr\u00e1 \u00e1rinu 2014. H\u00fan hefur um \u00e1rabil teki\u00f0 \u00fe\u00e1tt \u00ed evr\u00f3psku og al\u00fej\u00f3\u00f0legu samstarfi l\u00f6gmanna einkum \u00e1 svi\u00f0i vi\u00f0skiptar\u00e9ttar og innheimtu krafna yfir landam\u00e6ri. H\u00fan s\u00e6kir reglulega r\u00e1\u00f0stefnur og fundi faga\u00f0ila \u00e1 \u00feeim svi\u00f0um og gegnir varaformennsku \u00ed evr\u00f3psku innheimtusamt\u00f6kunum European&hellip;","_links":{"self":[{"href":"https:\/\/focuslogmenn.is\/en\/wp-json\/wp\/v2\/pages\/25642","targetHints":{"allow":["GET"]}}],"collection":[{"href":"https:\/\/focuslogmenn.is\/en\/wp-json\/wp\/v2\/pages"}],"about":[{"href":"https:\/\/focuslogmenn.is\/en\/wp-json\/wp\/v2\/types\/page"}],"author":[{"embeddable":true,"href":"https:\/\/focuslogmenn.is\/en\/wp-json\/wp\/v2\/users\/3"}],"replies":[{"embeddable":true,"href":"https:\/\/focuslogmenn.is\/en\/wp-json\/wp\/v2\/comments?post=25642"}],"version-history":[{"count":11,"href":"https:\/\/focuslogmenn.is\/en\/wp-json\/wp\/v2\/pages\/25642\/revisions"}],"predecessor-version":[{"id":25670,"href":"https:\/\/focuslogmenn.is\/en\/wp-json\/wp\/v2\/pages\/25642\/revisions\/25670"}],"wp:attachment":[{"href":"https:\/\/focuslogmenn.is\/en\/wp-json\/wp\/v2\/media?parent=25642"}],"curies":[{"name":"wp","href":"https:\/\/api.w.org\/{rel}","templated":true}]}}