{"id":24695,"date":"2022-08-31T09:48:06","date_gmt":"2022-08-31T09:48:06","guid":{"rendered":"https:\/\/focuscollect.is\/?page_id=24695"},"modified":"2024-03-06T14:33:42","modified_gmt":"2024-03-06T14:33:42","slug":"bref","status":"publish","type":"page","link":"https:\/\/focuslogmenn.is\/en\/bref\/","title":{"rendered":"Received a letter from us?"},"content":{"rendered":"<div class=\"wp-block-uagb-container uag-hide-desktop uag-hide-tab uag-hide-mob uagb-block-48ed8ce7 alignfull uagb-is-root-container\"><div class=\"uagb-container-inner-blocks-wrap\">\n<div class=\"wp-block-uagb-container uagb-block-20e85d99\">\n<div class=\"wp-block-uagb-info-box uagb-block-bef4545a uagb-infobox__content-wrap  uagb-infobox-icon-above-title uagb-infobox-image-valign-top\"><div class=\"uagb-ifb-content\"><div class=\"uagb-ifb-title-wrap\"><div class=\"uagb-ifb-separator\"><\/div><h2 class=\"uagb-ifb-title\">Received a letter from us?<\/h2><\/div><p class=\"uagb-ifb-desc\">If you have received a letter from FOCUS, the named creditor has entrusted us with the task of collecting payment from you on their behalf. Most of the time it is because the issued invoice has not been paid even though its due date has passed. If there is no response to letters and reminders, the case continues and there is always a risk that it will end up in court action. It is therefore crucial to act.<\/p><\/div><\/div>\n\n\n\n<div class=\"wp-block-uagb-buttons uagb-buttons__outer-wrap uagb-btn__default-btn uagb-btn-tablet__default-btn uagb-btn-mobile__default-btn uagb-block-805b4142\"><div class=\"uagb-buttons__wrap uagb-buttons-layout-wrap\">\n<div class=\"wp-block-uagb-buttons-child uagb-buttons__outer-wrap uagb-block-bf31a71f wp-block-button\"><div class=\"uagb-button__wrapper\"><a class=\"uagb-buttons-repeater wp-block-button__link\" aria-label=\"\" href=\"#fekkstu-bref-naestu-skref\" rel=\"follow noopener\" target=\"_self\"><div class=\"uagb-button__link\">React<\/div><\/a><\/div><\/div>\n<\/div><\/div>\n\n\n\n<div style=\"height:80px\" aria-hidden=\"true\" class=\"wp-block-spacer\"><\/div>\n<\/div>\n\n\n\n<div class=\"wp-block-uagb-container uagb-block-6723edef\">\n<div class=\"wp-block-uagb-image alignright uagb-block-7df3d553 wp-block-uagb-image--layout-default wp-block-uagb-image--effect-static wp-block-uagb-image--align-right\"><figure class=\"wp-block-uagb-image__figure\"><img decoding=\"async\" srcset=\"https:\/\/focuslogmenn.is\/wp-content\/uploads\/2022\/08\/mediamodifier-iplB565iJvE-unsplash-1024x683.jpg , https:\/\/focuslogmenn.is\/wp-content\/uploads\/2022\/08\/law-about.jpg 360w\" sizes=\"auto, (max-width: 480px) 150px\" src=\"https:\/\/focuslogmenn.is\/wp-content\/uploads\/2022\/08\/mediamodifier-iplB565iJvE-unsplash-1024x683.jpg\" alt=\"\" class=\"uag-image-24734\" width=\"1919\" height=\"1280\" title=\"\" loading=\"lazy\"\/><\/figure><\/div>\n\n\n\n<div style=\"height:80px\" aria-hidden=\"true\" class=\"wp-block-spacer\"><\/div>\n<\/div>\n<\/div><\/div>\n\n\n\n<div class=\"wp-block-uagb-info-box uagb-block-d7b03021 uagb-infobox__content-wrap  uagb-infobox-icon-above-title uagb-infobox-image-valign-top\"><div class=\"uagb-ifb-content\"><div class=\"uagb-ifb-title-wrap\"><div class=\"uagb-ifb-separator\"><\/div><h2 class=\"uagb-ifb-title\">I received a letter and want<\/h2><\/div><\/div><\/div>\n\n\n\n<div id=\"fekkstu-bref-naestu-skref\" class=\"wp-block-uagb-container uagb-block-94e2af06 alignfull uagb-is-root-container\"><div class=\"uagb-container-inner-blocks-wrap\">\n<div class=\"wp-block-uagb-container uagb-block-c08dda9f\">\n<div class=\"wp-block-uagb-container uagb-block-575513dd\">\n<a href=\"https:\/\/focuslogmenn.is\/en\/klara-malid\/\"><div class=\"wp-block-uagb-info-box uagb-block-e7fd3491 uagb-infobox__content-wrap  uagb-infobox-icon-above-title uagb-infobox-image-valign-top\"><div class=\"uagb-ifb-content\"><div class=\"uagb-ifb-image-content\"><img decoding=\"async\" src=\"https:\/\/focuslogmenn.is\/wp-content\/uploads\/2023\/08\/credit-card-3.png\" alt=\"\" width=\"82\" height=\"82\" loading=\"lazy\"\/><\/div><div class=\"uagb-ifb-title-wrap\"><h4 class=\"uagb-ifb-title\">Finish the case<\/h4><\/div><p class=\"uagb-ifb-desc\">I want to complete the case and pay (get a claim to my home bank\/ transfer information)<\/p><\/div><\/div><\/a>\n\n\n\n<div class=\"wp-block-buttons is-content-justification-center is-layout-flex wp-container-core-buttons-is-layout-b5994976 wp-block-buttons-is-layout-flex\">\n<div class=\"wp-block-button\"><a class=\"wp-block-button__link has-ast-global-color-5-color has-text-color wp-element-button\" href=\"https:\/\/focuslogmenn.is\/en\/klara-malid\/\">In more detail<\/a><\/div>\n<\/div>\n\n\n\n<div style=\"height:10px\" aria-hidden=\"true\" class=\"wp-block-spacer\"><\/div>\n<\/div>\n\n\n\n<div class=\"wp-block-uagb-container uagb-block-0e6f631a\">\n<a href=\"https:\/\/focuslogmenn.is\/en\/semja-um-krofu\/\"><div class=\"wp-block-uagb-info-box uagb-block-d02d07be uagb-infobox__content-wrap  uagb-infobox-icon-above-title uagb-infobox-image-valign-top\"><div class=\"uagb-ifb-content\"><div class=\"uagb-ifb-image-content\"><img decoding=\"async\" src=\"https:\/\/focuslogmenn.is\/wp-content\/uploads\/2023\/08\/deal-1.png\" alt=\"\" width=\"99\" height=\"99\" loading=\"lazy\"\/><\/div><div class=\"uagb-ifb-title-wrap\"><h4 class=\"uagb-ifb-title\">Negotiate the claim<\/h4><\/div><p class=\"uagb-ifb-desc\">I need to be allowed to split payments<\/p><\/div><\/div><a>\n\n\n\n<div style=\"height:15px\" aria-hidden=\"true\" class=\"wp-block-spacer\"><\/div>\n\n\n\n<div class=\"wp-block-buttons is-content-justification-center is-layout-flex wp-container-core-buttons-is-layout-b5994976 wp-block-buttons-is-layout-flex\">\n<div class=\"wp-block-button\"><a class=\"wp-block-button__link has-ast-global-color-5-color has-text-color wp-element-button\" href=\"https:\/\/focuslogmenn.is\/en\/semja-um-krofu\/\">In more detail<\/a><\/div>\n<\/div>\n\n\n\n<div style=\"height:10px\" aria-hidden=\"true\" class=\"wp-block-spacer\"><\/div>\n<\/div>\n\n\n\n<div class=\"wp-block-uagb-container uagb-block-2fab2787\">\n<a href=\"https:\/\/focuslogmenn.is\/en\/athugasemd-vid-krofu\/\"><div class=\"wp-block-uagb-info-box uagb-block-b977652c uagb-infobox__content-wrap  uagb-infobox-icon-above-title uagb-infobox-image-valign-top\"><div class=\"uagb-ifb-content\"><div class=\"uagb-ifb-image-content\"><img decoding=\"async\" src=\"https:\/\/focuslogmenn.is\/wp-content\/uploads\/2023\/08\/chat-1.png\" alt=\"\" width=\"85\" height=\"85\" loading=\"lazy\"\/><\/div><div class=\"uagb-ifb-title-wrap\"><h4 class=\"uagb-ifb-title\">Bring your thoughts<\/h4><\/div><p class=\"uagb-ifb-desc\">I would like more information about this claim \/ I have comments on the claim\u00b7&nbsp;&nbsp;&nbsp;&nbsp;&nbsp;&nbsp; <\/p><\/div><\/div><a>\n\n\n\n<div class=\"wp-block-buttons is-content-justification-center is-layout-flex wp-container-core-buttons-is-layout-b5994976 wp-block-buttons-is-layout-flex\">\n<div class=\"wp-block-button\"><a class=\"wp-block-button__link has-ast-global-color-5-color has-text-color wp-element-button\" href=\"https:\/\/focuslogmenn.is\/en\/athugasemd-vid-krofu\/\">In more detail<\/a><\/div>\n<\/div>\n\n\n\n<div style=\"height:10px\" aria-hidden=\"true\" class=\"wp-block-spacer\"><\/div>\n<\/div>\n<\/div>\n<\/div><\/div>\n\n\n\n<div class=\"wp-block-uagb-container uagb-block-5ae7eb60 alignfull uagb-is-root-container\"><div class=\"uagb-container-inner-blocks-wrap\">\n<div class=\"wp-block-uagb-container uagb-block-39400148\">\n<div class=\"wp-block-uagb-image aligncenter uagb-block-90c6b0c6 wp-block-uagb-image--layout-default wp-block-uagb-image--effect-static wp-block-uagb-image--align-center\"><figure class=\"wp-block-uagb-image__figure\"><img decoding=\"async\" srcset=\"https:\/\/focuslogmenn.is\/wp-content\/uploads\/2024\/03\/THjonusta-vid-greidendur-vanskil-semja-skuld-1-300x257.jpg ,https:\/\/focuslogmenn.is\/wp-content\/uploads\/2024\/03\/THjonusta-vid-greidendur-vanskil-semja-skuld-1.jpg 780w, https:\/\/focuslogmenn.is\/wp-content\/uploads\/2024\/03\/THjonusta-vid-greidendur-vanskil-semja-skuld-1.jpg 360w\" sizes=\"auto, (max-width: 480px) 150px\" src=\"https:\/\/focuslogmenn.is\/wp-content\/uploads\/2024\/03\/THjonusta-vid-greidendur-vanskil-semja-skuld-1-300x257.jpg\" alt=\"\" class=\"uag-image-25727\" width=\"400\" height=\"357\" title=\"\" loading=\"lazy\"\/><\/figure><\/div>\n\n\n\n<div style=\"height:80px\" aria-hidden=\"true\" class=\"wp-block-spacer\"><\/div>\n<\/div>\n\n\n\n<div class=\"wp-block-uagb-container uagb-block-783e5a3e\">\n<div class=\"wp-block-uagb-info-box uagb-block-b342fd3c uagb-infobox__content-wrap  uagb-infobox-icon-above-title uagb-infobox-image-valign-top\"><div class=\"uagb-ifb-content\"><div class=\"uagb-ifb-title-wrap\"><div class=\"uagb-ifb-separator\"><\/div><h2 class=\"uagb-ifb-title\">Service to payers<\/h2><\/div><p class=\"uagb-ifb-desc\">Enginn fer \u00ed vanskil me\u00f0 reikningana s\u00edna e\u00f0a \u00f3greiddar kr\u00f6fur af \u00e1setningi. Allir hafa s\u00ednar \u00e1st\u00e6\u00f0ur hvort sem ors\u00f6kin er skortur \u00e1 grei\u00f0slugetu (t\u00edmabundinn lausafj\u00e1rskortur), vi\u00f0varandi rekstrarvandi e\u00f0a eitthva\u00f0 allt anna\u00f0 sem b\u00fdr a\u00f0 baki. Seg\u00f0u okkur \u00fe\u00ednar \u00e1st\u00e6\u00f0ur og saman finnum vi\u00f0 lausn \u00e1 m\u00e1linu. \u00dej\u00f3nustuver okkar veitir n\u00e1nari uppl\u00fdsingar og tekur vi\u00f0 fyrirspurnum \u00e1 innheimta@focuslogmenn.is \u00ed s\u00edma  517-2500 e\u00f0a \u00e1 netspjallinu.<\/p><\/div><\/div>\n\n\n\n<div style=\"height:80px\" aria-hidden=\"true\" class=\"wp-block-spacer\"><\/div>\n<\/div>\n<\/div><\/div>\n\n\n\n<div class=\"wp-block-uagb-container uagb-block-16901b97 alignfull uagb-is-root-container\"><div class=\"uagb-container-inner-blocks-wrap\">\n<div class=\"wp-block-uagb-container uagb-block-4959455b\">\n<div class=\"wp-block-uagb-info-box uagb-block-9072330b uagb-infobox__content-wrap  uagb-infobox-icon-above-title uagb-infobox-image-valign-top\"><div class=\"uagb-ifb-content\"><div class=\"uagb-ifb-title-wrap\"><div class=\"uagb-ifb-separator\"><\/div><h2 class=\"uagb-ifb-title\">What can I do?<\/h2><\/div><p class=\"uagb-ifb-desc\">It is obviously best to pay according to the instructions in our first letter. However, the issue may be more complicated, but the first step should always be to contact us, because this way you can prevent further actions and increased costs. If no response is received to letters and reminders, the case simply continues and there is always a risk that it will end up in court proceedings, which all too often could have been easily avoided by simple communication and compromise between the parties.<\/p><\/div><\/div>\n\n\n\n<div style=\"height:80px\" aria-hidden=\"true\" class=\"wp-block-spacer\"><\/div>\n<\/div>\n\n\n\n<div class=\"wp-block-uagb-container uagb-block-29c1a5df\">\n<div class=\"wp-block-uagb-image alignright uagb-block-c6f940c2 wp-block-uagb-image--layout-default wp-block-uagb-image--effect-static wp-block-uagb-image--align-right\"><figure class=\"wp-block-uagb-image__figure\"><img decoding=\"async\" srcset=\"https:\/\/focuslogmenn.is\/wp-content\/uploads\/2024\/03\/Innheimta-FOCUS-Logmenn-G.Jonsson-Partners-thjonusta.jpg ,https:\/\/focuslogmenn.is\/wp-content\/uploads\/2024\/03\/Innheimta-FOCUS-Logmenn-G.Jonsson-Partners-thjonusta.jpg 780w, https:\/\/focuslogmenn.is\/wp-content\/uploads\/2024\/03\/Innheimta-FOCUS-Logmenn-G.Jonsson-Partners-thjonusta.jpg 360w\" sizes=\"auto, (max-width: 480px) 150px\" src=\"https:\/\/focuslogmenn.is\/wp-content\/uploads\/2024\/03\/Innheimta-FOCUS-Logmenn-G.Jonsson-Partners-thjonusta.jpg\" alt=\"\" class=\"uag-image-25730\" width=\"1919\" height=\"1280\" title=\"\" loading=\"lazy\"\/><\/figure><\/div>\n\n\n\n<div style=\"height:80px\" aria-hidden=\"true\" class=\"wp-block-spacer\"><\/div>\n<\/div>\n<\/div><\/div>\n\n\n\n<div class=\"inherit-container-width wp-block-group alignfull has-ast-global-color-5-background-color has-background is-layout-constrained wp-block-group-is-layout-constrained\"><div class=\"wp-block-group__inner-container\">\n<div class=\"wp-block-uagb-container uagb-block-38ce5177 alignfull uagb-is-root-container\"><div class=\"uagb-container-inner-blocks-wrap\">\n<div class=\"wp-block-uagb-info-box uagb-block-556069d3 uagb-infobox__content-wrap  uagb-infobox-icon-above-title uagb-infobox-image-valign-top\"><div class=\"uagb-ifb-content\"><div class=\"uagb-ifb-title-wrap\"><div class=\"uagb-ifb-separator\"><\/div><h2 class=\"uagb-ifb-title\">How best to try to avoid default?<\/h2><\/div><\/div><\/div>\n\n\n\n<div class=\"wp-block-uagb-container uagb-block-91e232ac\">\n<div class=\"wp-block-uagb-container uagb-block-365cba61\">\n<div class=\"wp-block-uagb-info-box uagb-block-a1dbd0db uagb-infobox__content-wrap  uagb-infobox-icon-above-title uagb-infobox-image-valign-top\"><div class=\"uagb-ifb-content\"><div class=\"uagb-ifb-icon-wrap\"><svg xmlns=\"https:\/\/www.w3.org\/2000\/svg\" viewbox=\"0 0 320 512\"><path d=\"M224 64C224 99.35 195.3 128 160 128C124.7 128 96 99.35 96 64C96 28.65 124.7 0 160 0C195.3 0 224 28.65 224 64zM144 384V480C144 497.7 129.7 512 112 512C94.33 512 80.01 497.7 80.01 480V287.8L59.09 321C49.67 336 29.92 340.5 14.96 331.1C.0016 321.7-4.491 301.9 4.924 286.1L44.79 223.6C69.72 184 113.2 160 160 160C206.8 160 250.3 184 275.2 223.6L315.1 286.1C324.5 301.9 320 321.7 305.1 331.1C290.1 340.5 270.3 336 260.9 321L240 287.8V480C240 497.7 225.7 512 208 512C190.3 512 176 497.7 176 480V384L144 384z\"><\/path><\/svg><\/div><div class=\"uagb-ifb-title-wrap\"><h4 class=\"uagb-ifb-title\">L\u00e1n \u00fearf a\u00f0 grei\u00f0a til baka<\/h4><\/div><\/div><\/div>\n<\/div>\n\n\n\n<div class=\"wp-block-uagb-container uagb-block-0243163f\">\n<div class=\"wp-block-uagb-info-box uagb-block-d249f3b0 uagb-infobox__content-wrap  uagb-infobox-icon-above-title uagb-infobox-image-valign-top\"><div class=\"uagb-ifb-content\"><div class=\"uagb-ifb-icon-wrap\"><svg xmlns=\"https:\/\/www.w3.org\/2000\/svg\" viewbox=\"0 0 320 512\"><path d=\"M224 64C224 99.35 195.3 128 160 128C124.7 128 96 99.35 96 64C96 28.65 124.7 0 160 0C195.3 0 224 28.65 224 64zM144 384V480C144 497.7 129.7 512 112 512C94.33 512 80.01 497.7 80.01 480V287.8L59.09 321C49.67 336 29.92 340.5 14.96 331.1C.0016 321.7-4.491 301.9 4.924 286.1L44.79 223.6C69.72 184 113.2 160 160 160C206.8 160 250.3 184 275.2 223.6L315.1 286.1C324.5 301.9 320 321.7 305.1 331.1C290.1 340.5 270.3 336 260.9 321L240 287.8V480C240 497.7 225.7 512 208 512C190.3 512 176 497.7 176 480V384L144 384z\"><\/path><\/svg><\/div><div class=\"uagb-ifb-title-wrap\"><h4 class=\"uagb-ifb-title\">Think twice<\/h4><\/div><\/div><\/div>\n<\/div>\n\n\n\n<div class=\"wp-block-uagb-container uagb-block-91dffb86\">\n<div class=\"wp-block-uagb-info-box uagb-block-debff228 uagb-infobox__content-wrap  uagb-infobox-icon-above-title uagb-infobox-image-valign-top\"><div class=\"uagb-ifb-content\"><div class=\"uagb-ifb-icon-wrap\"><svg xmlns=\"https:\/\/www.w3.org\/2000\/svg\" viewbox=\"0 0 320 512\"><path d=\"M224 64C224 99.35 195.3 128 160 128C124.7 128 96 99.35 96 64C96 28.65 124.7 0 160 0C195.3 0 224 28.65 224 64zM144 384V480C144 497.7 129.7 512 112 512C94.33 512 80.01 497.7 80.01 480V287.8L59.09 321C49.67 336 29.92 340.5 14.96 331.1C.0016 321.7-4.491 301.9 4.924 286.1L44.79 223.6C69.72 184 113.2 160 160 160C206.8 160 250.3 184 275.2 223.6L315.1 286.1C324.5 301.9 320 321.7 305.1 331.1C290.1 340.5 270.3 336 260.9 321L240 287.8V480C240 497.7 225.7 512 208 512C190.3 512 176 497.7 176 480V384L144 384z\"><\/path><\/svg><\/div><div class=\"uagb-ifb-title-wrap\"><h4 class=\"uagb-ifb-title\">Read the fine print<\/h4><\/div><\/div><\/div>\n<\/div>\n<\/div>\n\n\n\n<div class=\"wp-block-uagb-container uagb-block-1575a79b\">\n<div class=\"wp-block-uagb-container uagb-block-f5f1a1a4\">\n<div class=\"wp-block-uagb-info-box uagb-block-6ce2d46c uagb-infobox__content-wrap  uagb-infobox-icon-above-title uagb-infobox-image-valign-top\"><div class=\"uagb-ifb-content\"><div class=\"uagb-ifb-icon-wrap\"><svg xmlns=\"https:\/\/www.w3.org\/2000\/svg\" viewbox=\"0 0 576 512\"><path d=\"M575.8 255.5C575.8 273.5 560.8 287.6 543.8 287.6H511.8L512.5 447.7C512.6 483.2 483.9 512 448.5 512H128.1C92.75 512 64.09 483.3 64.09 448V287.6H32.05C14.02 287.6 0 273.5 0 255.5C0 246.5 3.004 238.5 10.01 231.5L266.4 8.016C273.4 1.002 281.4 0 288.4 0C295.4 0 303.4 2.004 309.5 7.014L564.8 231.5C572.8 238.5 576.9 246.5 575.8 255.5H575.8zM288 160C252.7 160 224 188.7 224 224C224 259.3 252.7 288 288 288C323.3 288 352 259.3 352 224C352 188.7 323.3 160 288 160zM256 320C211.8 320 176 355.8 176 400C176 408.8 183.2 416 192 416H384C392.8 416 400 408.8 400 400C400 355.8 364.2 320 320 320H256z\"><\/path><\/svg><\/div><div class=\"uagb-ifb-title-wrap\"><h4 class=\"uagb-ifb-title\">Act immediately<\/h4><\/div><\/div><\/div>\n<\/div>\n\n\n\n<div class=\"wp-block-uagb-container uagb-block-2542a8ec\">\n<div class=\"wp-block-uagb-info-box uagb-block-19eac92b uagb-infobox__content-wrap  uagb-infobox-icon-above-title uagb-infobox-image-valign-top\"><div class=\"uagb-ifb-content\"><div class=\"uagb-ifb-icon-wrap\"><svg xmlns=\"https:\/\/www.w3.org\/2000\/svg\" viewbox=\"0 0 640 512\"><path d=\"M319.9 320c57.41 0 103.1-46.56 103.1-104c0-57.44-46.54-104-103.1-104c-57.41 0-103.1 46.56-103.1 104C215.9 273.4 262.5 320 319.9 320zM369.9 352H270.1C191.6 352 128 411.7 128 485.3C128 500.1 140.7 512 156.4 512h327.2C499.3 512 512 500.1 512 485.3C512 411.7 448.4 352 369.9 352zM512 160c44.18 0 80-35.82 80-80S556.2 0 512 0c-44.18 0-80 35.82-80 80S467.8 160 512 160zM183.9 216c0-5.449 .9824-10.63 1.609-15.91C174.6 194.1 162.6 192 149.9 192H88.08C39.44 192 0 233.8 0 285.3C0 295.6 7.887 304 17.62 304h199.5C196.7 280.2 183.9 249.7 183.9 216zM128 160c44.18 0 80-35.82 80-80S172.2 0 128 0C83.82 0 48 35.82 48 80S83.82 160 128 160zM551.9 192h-61.84c-12.8 0-24.88 3.037-35.86 8.24C454.8 205.5 455.8 210.6 455.8 216c0 33.71-12.78 64.21-33.16 88h199.7C632.1 304 640 295.6 640 285.3C640 233.8 600.6 192 551.9 192z\"><\/path><\/svg><\/div><div class=\"uagb-ifb-title-wrap\"><h4 class=\"uagb-ifb-title\">Seek help<\/h4><\/div><\/div><\/div>\n<\/div>\n\n\n\n<div class=\"wp-block-uagb-container uagb-block-cdee006c\">\n<div class=\"wp-block-uagb-info-box uagb-block-3364bfa5 uagb-infobox__content-wrap  uagb-infobox-icon-above-title uagb-infobox-image-valign-top\"><div class=\"uagb-ifb-content\"><div class=\"uagb-ifb-icon-wrap\"><svg xmlns=\"https:\/\/www.w3.org\/2000\/svg\" viewbox=\"0 0 640 512\"><path d=\"M0 383.9l64 .0404c17.75 0 32-14.29 32-32.03V128.3L0 128.3V383.9zM48 320.1c8.75 0 16 7.118 16 15.99c0 8.742-7.25 15.99-16 15.99S32 344.8 32 336.1C32 327.2 39.25 320.1 48 320.1zM348.8 64c-7.941 0-15.66 2.969-21.52 8.328L228.9 162.3C228.8 162.5 228.8 162.7 228.6 162.7C212 178.3 212.3 203.2 226.5 218.7c12.75 13.1 39.38 17.62 56.13 2.75C282.8 221.3 282.9 221.3 283 221.2l79.88-73.1c6.5-5.871 16.75-5.496 22.62 1c6 6.496 5.5 16.62-1 22.62l-26.12 23.87L504 313.7c2.875 2.496 5.5 4.996 7.875 7.742V127.1c-40.98-40.96-96.48-63.88-154.4-63.88L348.8 64zM334.6 217.4l-30 27.49c-29.75 27.11-75.25 24.49-101.8-4.371C176 211.2 178.1 165.7 207.3 138.9L289.1 64H282.5C224.7 64 169.1 87.08 128.2 127.9L128 351.8l18.25 .0369l90.5 81.82c27.5 22.37 67.75 18.12 90-9.246l18.12 15.24c15.88 12.1 39.38 10.5 52.38-5.371l31.38-38.6l5.374 4.498c13.75 11 33.88 9.002 45-4.748l9.538-11.78c11.12-13.75 9.036-33.78-4.694-44.93L334.6 217.4zM544 128.4v223.6c0 17.62 14.25 32.05 31.1 32.05L640 384V128.1L544 128.4zM592 352c-8.75 0-16-7.246-16-15.99c0-8.875 7.25-15.99 16-15.99S608 327.2 608 336.1C608 344.8 600.8 352 592 352z\"><\/path><\/svg><\/div><div class=\"uagb-ifb-title-wrap\"><h4 class=\"uagb-ifb-title\">Stick to agreements <\/h4><\/div><\/div><\/div>\n<\/div>\n<\/div>\n<\/div><\/div>\n<\/div><\/div>","protected":false},"excerpt":{"rendered":"","protected":false},"author":3,"featured_media":0,"parent":0,"menu_order":0,"comment_status":"closed","ping_status":"closed","template":"","meta":{"_uag_custom_page_level_css":"","site-sidebar-layout":"default","site-content-layout":"plain-container","ast-site-content-layout":"normal-width-container","site-content-style":"unboxed","site-sidebar-style":"unboxed","ast-global-header-display":"","ast-banner-title-visibility":"","ast-main-header-display":"","ast-hfb-above-header-display":"","ast-hfb-below-header-display":"","ast-hfb-mobile-header-display":"","site-post-title":"disabled","ast-breadcrumbs-content":"","ast-featured-img":"","footer-sml-layout":"","theme-transparent-header-meta":"","adv-header-id-meta":"","stick-header-meta":"","header-above-stick-meta":"","header-main-stick-meta":"","header-below-stick-meta":"","astra-migrate-meta-layouts":"set","ast-page-background-enabled":"default","ast-page-background-meta":{"desktop":{"background-color":"","background-image":"","background-repeat":"repeat","background-position":"center center","background-size":"auto","background-attachment":"scroll","background-type":"","background-media":"","overlay-type":"","overlay-color":"","overlay-gradient":""},"tablet":{"background-color":"","background-image":"","background-repeat":"repeat","background-position":"center center","background-size":"auto","background-attachment":"scroll","background-type":"","background-media":"","overlay-type":"","overlay-color":"","overlay-gradient":""},"mobile":{"background-color":"","background-image":"","background-repeat":"repeat","background-position":"center center","background-size":"auto","background-attachment":"scroll","background-type":"","background-media":"","overlay-type":"","overlay-color":"","overlay-gradient":""}},"ast-content-background-meta":{"desktop":{"background-color":"var(--ast-global-color-5)","background-image":"","background-repeat":"repeat","background-position":"center center","background-size":"auto","background-attachment":"scroll","background-type":"","background-media":"","overlay-type":"","overlay-color":"","overlay-gradient":""},"tablet":{"background-color":"var(--ast-global-color-5)","background-image":"","background-repeat":"repeat","background-position":"center center","background-size":"auto","background-attachment":"scroll","background-type":"","background-media":"","overlay-type":"","overlay-color":"","overlay-gradient":""},"mobile":{"background-color":"var(--ast-global-color-5)","background-image":"","background-repeat":"repeat","background-position":"center center","background-size":"auto","background-attachment":"scroll","background-type":"","background-media":"","overlay-type":"","overlay-color":"","overlay-gradient":""}},"footnotes":""},"class_list":["post-24695","page","type-page","status-publish","hentry"],"uagb_featured_image_src":{"full":false,"thumbnail":false,"medium":false,"medium_large":false,"large":false,"1536x1536":false,"2048x2048":false,"trp-custom-language-flag":false,"gform-image-choice-sm":false,"gform-image-choice-md":false,"gform-image-choice-lg":false},"uagb_author_info":{"display_name":"a8","author_link":"https:\/\/focuslogmenn.is\/en\/author\/a8\/"},"uagb_comment_info":0,"uagb_excerpt":null,"_links":{"self":[{"href":"https:\/\/focuslogmenn.is\/en\/wp-json\/wp\/v2\/pages\/24695","targetHints":{"allow":["GET"]}}],"collection":[{"href":"https:\/\/focuslogmenn.is\/en\/wp-json\/wp\/v2\/pages"}],"about":[{"href":"https:\/\/focuslogmenn.is\/en\/wp-json\/wp\/v2\/types\/page"}],"author":[{"embeddable":true,"href":"https:\/\/focuslogmenn.is\/en\/wp-json\/wp\/v2\/users\/3"}],"replies":[{"embeddable":true,"href":"https:\/\/focuslogmenn.is\/en\/wp-json\/wp\/v2\/comments?post=24695"}],"version-history":[{"count":134,"href":"https:\/\/focuslogmenn.is\/en\/wp-json\/wp\/v2\/pages\/24695\/revisions"}],"predecessor-version":[{"id":25731,"href":"https:\/\/focuslogmenn.is\/en\/wp-json\/wp\/v2\/pages\/24695\/revisions\/25731"}],"wp:attachment":[{"href":"https:\/\/focuslogmenn.is\/en\/wp-json\/wp\/v2\/media?parent=24695"}],"curies":[{"name":"wp","href":"https:\/\/api.w.org\/{rel}","templated":true}]}}