{"id":24368,"date":"2020-10-22T09:35:11","date_gmt":"2020-10-22T09:35:11","guid":{"rendered":"https:\/\/focuscollect.is\/about\/"},"modified":"2024-02-22T10:56:44","modified_gmt":"2024-02-22T10:56:44","slug":"um-okkur","status":"publish","type":"page","link":"https:\/\/focuslogmenn.is\/en\/um-okkur\/","title":{"rendered":"About us"},"content":{"rendered":"<div class=\"wp-block-uagb-container uag-hide-desktop uag-hide-tab uag-hide-mob uagb-block-ee645743 alignfull uagb-is-root-container\"><div class=\"uagb-container-inner-blocks-wrap\">\n<div class=\"wp-block-uagb-container uagb-block-42d5ace4\">\n<div class=\"wp-block-uagb-info-box uagb-block-82e26c8f uagb-infobox__content-wrap  uagb-infobox-icon-above-title uagb-infobox-image-valign-top\"><div class=\"uagb-ifb-content\"><div class=\"uagb-ifb-title-wrap\"><div class=\"uagb-ifb-separator\"><\/div><h2 class=\"uagb-ifb-title\">About us<\/h2><\/div><p class=\"uagb-ifb-desc\">FOCUS Inheimta is a new service provider for the collection of unpaid claims in Iceland. FOCUS is based on the strong foundation of G.J\u00f3nsson &amp; Partners, which has been working here since 1957 and has also been an active member of both European and international organizations for decades.<\/p><\/div><\/div>\n\n\n\n<div class=\"wp-block-uagb-buttons uagb-buttons__outer-wrap uagb-btn__default-btn uagb-btn-tablet__default-btn uagb-btn-mobile__default-btn uagb-block-dc2a3024\"><div class=\"uagb-buttons__wrap uagb-buttons-layout-wrap\">\n<div class=\"wp-block-uagb-buttons-child uagb-buttons__outer-wrap uagb-block-542045f5 wp-block-button is-style-outline\"><div class=\"uagb-button__wrapper\"><a class=\"uagb-buttons-repeater wp-block-button__link\" aria-label=\"\" href=\"#\" rel=\"follow noopener\" target=\"_self\"><div class=\"uagb-button__link\">In more detail<\/div><\/a><\/div><\/div>\n<\/div><\/div>\n\n\n\n<div style=\"height:50px\" aria-hidden=\"true\" class=\"wp-block-spacer\"><\/div>\n<\/div>\n\n\n\n<div class=\"wp-block-uagb-container uagb-block-868c9311\">\n<div class=\"wp-block-uagb-image alignright uagb-block-acc57a38 wp-block-uagb-image--layout-default wp-block-uagb-image--effect-static wp-block-uagb-image--align-right\"><figure class=\"wp-block-uagb-image__figure\"><img decoding=\"async\" srcset=\"https:\/\/focuslogmenn.is\/wp-content\/uploads\/2022\/08\/a8577731a88e91b1-1024x768.jpg , https:\/\/focuslogmenn.is\/wp-content\/uploads\/2022\/08\/law-about.jpg 360w\" sizes=\"auto, (max-width: 480px) 150px\" src=\"https:\/\/focuslogmenn.is\/wp-content\/uploads\/2022\/08\/a8577731a88e91b1-1024x768.jpg\" alt=\"\" class=\"uag-image-24599\" width=\"1024\" height=\"768\" title=\"\" loading=\"lazy\"\/><\/figure><\/div>\n\n\n\n<div style=\"height:50px\" aria-hidden=\"true\" class=\"wp-block-spacer\"><\/div>\n<\/div>\n<\/div><\/div>\n\n\n\n<div class=\"wp-block-uagb-container uagb-block-93a6756a alignfull uagb-is-root-container\"><div class=\"uagb-container-inner-blocks-wrap\">\n<div class=\"wp-block-uagb-container uagb-block-4d1ad3c9\">\n<div class=\"wp-block-uagb-info-box uagb-block-8e621385 uagb-infobox__content-wrap  uagb-infobox-icon-above-title uagb-infobox-image-valign-top\"><div class=\"uagb-ifb-content\"><div class=\"uagb-ifb-title-wrap\"><div class=\"uagb-ifb-separator\"><\/div><h2 class=\"uagb-ifb-title\">The service<\/h2><\/div><p class=\"uagb-ifb-desc\">FOCUS Lawyers G.J\u00f3nsson &amp; Partners ehf. is an Icelandic law firm that focuses on providing personal and professional legal services to individuals, companies, institutions and foreign parties in all major areas of law as well as advocacy in court.<\/p><\/div><\/div>\n\n\n\n<div style=\"height:50px\" aria-hidden=\"true\" class=\"wp-block-spacer\"><\/div>\n<\/div>\n\n\n\n<div class=\"wp-block-uagb-container uag-hide-mob uagb-block-55d0817d\">\n<div class=\"wp-block-uagb-image alignright uagb-block-6b5cd541 wp-block-uagb-image--layout-default wp-block-uagb-image--effect-static wp-block-uagb-image--align-right\"><figure class=\"wp-block-uagb-image__figure\"><img decoding=\"async\" srcset=\"https:\/\/focuslogmenn.is\/wp-content\/uploads\/2022\/08\/a8577731a88e91b1-1024x768.jpg , https:\/\/focuslogmenn.is\/wp-content\/uploads\/2022\/08\/law-about.jpg 360w\" sizes=\"auto, (max-width: 480px) 150px\" src=\"https:\/\/focuslogmenn.is\/wp-content\/uploads\/2022\/08\/a8577731a88e91b1-1024x768.jpg\" alt=\"\" class=\"uag-image-24599\" width=\"1024\" height=\"768\" title=\"\" loading=\"lazy\"\/><\/figure><\/div>\n\n\n\n<div style=\"height:50px\" aria-hidden=\"true\" class=\"wp-block-spacer\"><\/div>\n<\/div>\n<\/div><\/div>\n\n\n\n<div class=\"wp-block-uagb-container uagb-block-348b42bd alignfull uagb-is-root-container\"><div class=\"uagb-container-inner-blocks-wrap\">\n<div class=\"wp-block-uagb-container uagb-block-c14a0af0\">\n<div class=\"wp-block-uagb-info-box uagb-block-abf0d6be uagb-infobox__content-wrap  uagb-infobox-icon-above-title uagb-infobox-image-valign-top\"><div class=\"uagb-ifb-content\"><div class=\"uagb-ifb-title-wrap\"><h3 class=\"uagb-ifb-title\">About us<\/h3><\/div><p class=\"uagb-ifb-desc\">FOCUS L\u00f6gmenn and G.J\u00f3nsson &amp; Partners joined forces in 2018. G.J\u00f3nsson &amp; Partners dates back to 1957 and was the first entity in Iceland to offer cross-border collection.<br><br>In addition to offering general legal services in the field of civil cases, collection services have been one of the main pillars of the law firm&#039;s operation. We have provided services to operators, large and small, housing associations, represented interests of foreign parties and individuals, and handled disputes in court. We also have extensive foreign relations, which are largely based on years of cooperation through membership in various associations of lawyers and debt collection companies.<\/p><\/div><\/div>\n<\/div>\n\n\n\n<div class=\"wp-block-uagb-container uagb-block-2895b65f\">\n<div class=\"wp-block-uagb-info-box uagb-block-df14bf69 uagb-infobox__content-wrap  uagb-infobox-icon-above-title uagb-infobox-image-valign-top\"><div class=\"uagb-ifb-content\"><div class=\"uagb-ifb-title-wrap\"><h3 class=\"uagb-ifb-title\">Foreign cooperation<\/h3><\/div><p class=\"uagb-ifb-desc\">FOCUS has extensive foreign relations in the field of law - finance and debt collection across borders, which enables us to offer our clients diverse and high-quality services and advice, whether the issue concerns national law or extends its wings beyond the borders of the country.<\/p><\/div><\/div>\n<\/div>\n<\/div><\/div>\n\n\n\n<div class=\"wp-block-uagb-container uagb-block-4966c7d1 alignfull uagb-is-root-container\"><div class=\"uagb-container-inner-blocks-wrap\">\n<h2 class=\"wp-block-heading has-text-align-center\">Directors<\/h2>\n\n\n\n<div class=\"wp-block-group is-content-justification-center is-nowrap is-layout-flex wp-container-core-group-is-layout-23441af8 wp-block-group-is-layout-flex\">\n<div class=\"wp-block-uagb-image aligncenter uagb-block-14c47571 wp-block-uagb-image--layout-overlay wp-block-uagb-image--effect-static wp-block-uagb-image--align-center\"><figure class=\"wp-block-uagb-image__figure\"><a class=\"\" href=\"https:\/\/focuslogmenn.is\/en\/katrin-smari\/\" target=\"\" rel=\"noopener\"><img decoding=\"async\" srcset=\"https:\/\/focuslogmenn.is\/wp-content\/uploads\/2024\/02\/7A91B17D-D33E-43D7-8E4E-6B24803F8BC0_1_201_a-1-819x1024.jpeg ,https:\/\/focuslogmenn.is\/wp-content\/uploads\/2024\/02\/7A91B17D-D33E-43D7-8E4E-6B24803F8BC0_1_201_a-1-scaled.jpeg 780w, https:\/\/focuslogmenn.is\/wp-content\/uploads\/2024\/02\/7A91B17D-D33E-43D7-8E4E-6B24803F8BC0_1_201_a-1-scaled.jpeg 360w\" sizes=\"auto, (max-width: 480px) 150px\" src=\"https:\/\/focuslogmenn.is\/wp-content\/uploads\/2024\/02\/7A91B17D-D33E-43D7-8E4E-6B24803F8BC0_1_201_a-1-819x1024.jpeg\" alt=\"\" class=\"uag-image-25559\" width=\"450\" height=\"550\" title=\"\" loading=\"lazy\"\/><\/a><div class=\"wp-block-uagb-image--layout-overlay__color-wrapper\"><\/div><div class=\"wp-block-uagb-image--layout-overlay__inner bottom-center\"><a class=\"wp-block-uagb-image--layout-overlay-link\" href=\"https:\/\/focuslogmenn.is\/en\/katrin-smari\/\" target=\"\" rel=\"noopener\"><\/a><h2 class=\"uagb-image-heading\">Katr\u00edn Sm\u00e1ri<\/h2><figcaption class=\"uagb-image-caption\">Attorney\/Owner<\/figcaption><\/div><\/figure><\/div>\n\n\n\n<div class=\"wp-block-uagb-image aligncenter uagb-block-5e5e4df0 wp-block-uagb-image--layout-overlay wp-block-uagb-image--effect-static wp-block-uagb-image--align-center\"><figure class=\"wp-block-uagb-image__figure\"><img decoding=\"async\" srcset=\"https:\/\/focuslogmenn.is\/wp-content\/uploads\/2024\/02\/E58CF12E-65FA-49EE-8589-8B10242CFF53_1_201_a-819x1024.jpeg ,https:\/\/focuslogmenn.is\/wp-content\/uploads\/2024\/02\/E58CF12E-65FA-49EE-8589-8B10242CFF53_1_201_a.jpeg 780w, https:\/\/focuslogmenn.is\/wp-content\/uploads\/2024\/02\/E58CF12E-65FA-49EE-8589-8B10242CFF53_1_201_a.jpeg 360w\" sizes=\"auto, (max-width: 480px) 150px\" src=\"https:\/\/focuslogmenn.is\/wp-content\/uploads\/2024\/02\/E58CF12E-65FA-49EE-8589-8B10242CFF53_1_201_a-819x1024.jpeg\" alt=\"\" class=\"uag-image-25560\" width=\"450\" height=\"550\" title=\"\" loading=\"lazy\"\/><div class=\"wp-block-uagb-image--layout-overlay__color-wrapper\"><\/div><div class=\"wp-block-uagb-image--layout-overlay__inner bottom-center\"><h2 class=\"uagb-image-heading\">Margr\u00e9t Magn\u00fasd\u00f3ttir<\/h2><figcaption class=\"uagb-image-caption\">Office manager<\/figcaption><\/div><\/figure><\/div>\n<\/div>\n<\/div><\/div>\n\n\n\n<div style=\"height:29px\" aria-hidden=\"true\" class=\"wp-block-spacer\"><\/div>\n\n\n\n<div id=\"erlent-samstarf\" class=\"wp-block-uagb-container uagb-block-18612a61 alignfull uagb-is-root-container\"><div class=\"uagb-container-inner-blocks-wrap\">\n<div style=\"height:100px\" aria-hidden=\"true\" class=\"wp-block-spacer\"><\/div>\n\n\n\n<div class=\"wp-block-uagb-info-box uagb-block-5fb156c2 uagb-infobox__content-wrap  uagb-infobox-icon-above-title uagb-infobox-image-valign-top\"><div class=\"uagb-ifb-content\"><div class=\"uagb-ifb-title-wrap\"><div class=\"uagb-ifb-separator\"><\/div><h2 class=\"uagb-ifb-title\">Foreign cooperation<\/h2><\/div><p class=\"uagb-ifb-desc\">For decades, FOCUS has been a member of European and international associations of debt collectors, and the owners of the agency have actively participated in various collaborations in the field of debt collection within Europe and abroad.<\/p><\/div><\/div>\n\n\n\n<div class=\"wp-block-uagb-container uagb-block-4e1865e3\">\n<div class=\"wp-block-uagb-image aligncenter uagb-block-7b74f033 wp-block-uagb-image--layout-default wp-block-uagb-image--effect-static wp-block-uagb-image--align-center\"><figure class=\"wp-block-uagb-image__figure\"><img decoding=\"async\" srcset=\"https:\/\/focuslogmenn.is\/wp-content\/uploads\/2022\/08\/FENCA-logo-1.png \" sizes=\"auto, (max-width: 480px) 150px\" src=\"https:\/\/focuslogmenn.is\/wp-content\/uploads\/2022\/08\/FENCA-logo-1.png\" alt=\"\" class=\"uag-image-24748\" width=\"500\" height=\"350\" title=\"\" loading=\"lazy\"\/><\/figure><\/div>\n\n\n\n<div class=\"wp-block-uagb-image aligncenter uagb-block-607befe1 wp-block-uagb-image--layout-default wp-block-uagb-image--effect-static wp-block-uagb-image--align-center\"><figure class=\"wp-block-uagb-image__figure\"><img decoding=\"async\" srcset=\"https:\/\/focuslogmenn.is\/wp-content\/uploads\/2022\/08\/ECA-logo.png \" sizes=\"auto, (max-width: 480px) 150px\" src=\"https:\/\/focuslogmenn.is\/wp-content\/uploads\/2022\/08\/ECA-logo.png\" alt=\"\" class=\"uag-image-24749\" width=\"500\" height=\"350\" title=\"\" loading=\"lazy\"\/><\/figure><\/div>\n\n\n\n<div class=\"wp-block-uagb-image aligncenter uagb-block-2d62531b wp-block-uagb-image--layout-default wp-block-uagb-image--effect-static wp-block-uagb-image--align-center\"><figure class=\"wp-block-uagb-image__figure\"><img decoding=\"async\" srcset=\"https:\/\/focuslogmenn.is\/wp-content\/uploads\/2022\/08\/LIC-logo.png \" sizes=\"auto, (max-width: 480px) 150px\" src=\"https:\/\/focuslogmenn.is\/wp-content\/uploads\/2022\/08\/LIC-logo.png\" alt=\"\" class=\"uag-image-24751\" width=\"500\" height=\"350\" title=\"\" loading=\"lazy\"\/><\/figure><\/div>\n<\/div>\n<\/div><\/div>\n\n\n\n<p><\/p>","protected":false},"excerpt":{"rendered":"<p>Directors<\/p>","protected":false},"author":3,"featured_media":0,"parent":0,"menu_order":0,"comment_status":"closed","ping_status":"closed","template":"","meta":{"_uag_custom_page_level_css":"","site-sidebar-layout":"default","site-content-layout":"plain-container","ast-site-content-layout":"normal-width-container","site-content-style":"unboxed","site-sidebar-style":"unboxed","ast-global-header-display":"","ast-banner-title-visibility":"","ast-main-header-display":"","ast-hfb-above-header-display":"","ast-hfb-below-header-display":"","ast-hfb-mobile-header-display":"","site-post-title":"disabled","ast-breadcrumbs-content":"","ast-featured-img":"","footer-sml-layout":"","theme-transparent-header-meta":"default","adv-header-id-meta":"","stick-header-meta":"","header-above-stick-meta":"","header-main-stick-meta":"","header-below-stick-meta":"","astra-migrate-meta-layouts":"set","ast-page-background-enabled":"default","ast-page-background-meta":{"desktop":{"background-color":"","background-image":"","background-repeat":"repeat","background-position":"center center","background-size":"auto","background-attachment":"scroll","background-type":"","background-media":"","overlay-type":"","overlay-color":"","overlay-gradient":""},"tablet":{"background-color":"","background-image":"","background-repeat":"repeat","background-position":"center center","background-size":"auto","background-attachment":"scroll","background-type":"","background-media":"","overlay-type":"","overlay-color":"","overlay-gradient":""},"mobile":{"background-color":"","background-image":"","background-repeat":"repeat","background-position":"center center","background-size":"auto","background-attachment":"scroll","background-type":"","background-media":"","overlay-type":"","overlay-color":"","overlay-gradient":""}},"ast-content-background-meta":{"desktop":{"background-color":"var(--ast-global-color-5)","background-image":"","background-repeat":"repeat","background-position":"center center","background-size":"auto","background-attachment":"scroll","background-type":"","background-media":"","overlay-type":"","overlay-color":"","overlay-gradient":""},"tablet":{"background-color":"var(--ast-global-color-5)","background-image":"","background-repeat":"repeat","background-position":"center center","background-size":"auto","background-attachment":"scroll","background-type":"","background-media":"","overlay-type":"","overlay-color":"","overlay-gradient":""},"mobile":{"background-color":"var(--ast-global-color-5)","background-image":"","background-repeat":"repeat","background-position":"center center","background-size":"auto","background-attachment":"scroll","background-type":"","background-media":"","overlay-type":"","overlay-color":"","overlay-gradient":""}},"footnotes":""},"class_list":["post-24368","page","type-page","status-publish","hentry"],"uagb_featured_image_src":{"full":false,"thumbnail":false,"medium":false,"medium_large":false,"large":false,"1536x1536":false,"2048x2048":false,"trp-custom-language-flag":false,"gform-image-choice-sm":false,"gform-image-choice-md":false,"gform-image-choice-lg":false},"uagb_author_info":{"display_name":"a8","author_link":"https:\/\/focuslogmenn.is\/en\/author\/a8\/"},"uagb_comment_info":0,"uagb_excerpt":"Stj\u00f3rnendur","_links":{"self":[{"href":"https:\/\/focuslogmenn.is\/en\/wp-json\/wp\/v2\/pages\/24368","targetHints":{"allow":["GET"]}}],"collection":[{"href":"https:\/\/focuslogmenn.is\/en\/wp-json\/wp\/v2\/pages"}],"about":[{"href":"https:\/\/focuslogmenn.is\/en\/wp-json\/wp\/v2\/types\/page"}],"author":[{"embeddable":true,"href":"https:\/\/focuslogmenn.is\/en\/wp-json\/wp\/v2\/users\/3"}],"replies":[{"embeddable":true,"href":"https:\/\/focuslogmenn.is\/en\/wp-json\/wp\/v2\/comments?post=24368"}],"version-history":[{"count":143,"href":"https:\/\/focuslogmenn.is\/en\/wp-json\/wp\/v2\/pages\/24368\/revisions"}],"predecessor-version":[{"id":25708,"href":"https:\/\/focuslogmenn.is\/en\/wp-json\/wp\/v2\/pages\/24368\/revisions\/25708"}],"wp:attachment":[{"href":"https:\/\/focuslogmenn.is\/en\/wp-json\/wp\/v2\/media?parent=24368"}],"curies":[{"name":"wp","href":"https:\/\/api.w.org\/{rel}","templated":true}]}}